{"id":59,"date":"2026-01-13T19:29:52","date_gmt":"2026-01-13T19:29:52","guid":{"rendered":"https:\/\/foddamen.webworker.online\/?page_id=59"},"modified":"2026-01-13T19:41:25","modified_gmt":"2026-01-13T19:41:25","slug":"klinikken","status":"publish","type":"page","link":"https:\/\/foddamen.webworker.online\/index.php\/klinikken\/","title":{"rendered":"Klinikken"},"content":{"rendered":"\n<style type=\"text\/css\" data-created_by=\"avia_inline_auto\" id=\"style-css-av-mkczk74f-2db1b9880265cdd09127316609ebb29f\">\n.avia-section.av-mkczk74f-2db1b9880265cdd09127316609ebb29f{\nbackground-repeat:no-repeat;\nbackground-image:url(https:\/\/foddamen.webworker.online\/wp-content\/uploads\/2026\/01\/foddamen-klinik.png);\nbackground-position:0% 0%;\nbackground-attachment:scroll;\n}\n<\/style>\n<div id='av_section_1'  class='avia-section av-mkczk74f-2db1b9880265cdd09127316609ebb29f main_color avia-section-default avia-no-border-styling  avia-builder-el-0  el_before_av_section  avia-builder-el-first  avia-full-stretch avia-bg-style-scroll container_wrap fullsize'  data-section-bg-repeat='stretch'><div class='container av-section-cont-open' ><main  role=\"main\" itemprop=\"mainContentOfPage\"  class='template-page content  av-content-full alpha units'><div class='post-entry post-entry-type-page post-entry-59'><div class='entry-content-wrapper clearfix'>\n<div  class='flex_column av-4n0xj-e89a0a8a490f3f578e0a3c462d19c7dc av_two_third  avia-builder-el-1  el_before_av_one_third  avia-builder-el-first  first flex_column_div  '     ><\/div>\n<style type=\"text\/css\" data-created_by=\"avia_inline_auto\" id=\"style-css-av-ewdz-c5bb0db62849c8b14f196de8fd465330\">\n.flex_column.av-ewdz-c5bb0db62849c8b14f196de8fd465330{\npadding:15px 15px 15px 15px;\nbackground-color:#eeeeee;\n}\n<\/style>\n<div  class='flex_column av-ewdz-c5bb0db62849c8b14f196de8fd465330 av_one_third  avia-builder-el-2  el_after_av_two_third  avia-builder-el-last  flex_column_div  '     ><p>\n<style type=\"text\/css\" data-created_by=\"avia_inline_auto\" id=\"style-css-av-32d6z-0127a49e8d94140836f1bcf42e8e0749\">\n#top .av-special-heading.av-32d6z-0127a49e8d94140836f1bcf42e8e0749{\npadding-bottom:10px;\n}\nbody .av-special-heading.av-32d6z-0127a49e8d94140836f1bcf42e8e0749 .av-special-heading-tag .heading-char{\nfont-size:25px;\n}\n.av-special-heading.av-32d6z-0127a49e8d94140836f1bcf42e8e0749 .av-subheading{\nfont-size:15px;\n}\n<\/style>\n<div  class='av-special-heading av-32d6z-0127a49e8d94140836f1bcf42e8e0749 av-special-heading-h2 blockquote modern-quote  avia-builder-el-3  el_before_av_contact  avia-builder-el-first '><h2 class='av-special-heading-tag '  itemprop=\"headline\"  >Vil du vide mere?<\/h2><div class=\"special-heading-border\"><div class=\"special-heading-inner-border\"><\/div><\/div><\/div><br \/>\n<form action=\"https:\/\/foddamen.webworker.online\/index.php\/klinikken\/\" method=\"post\" data-fields-with-error=\"Found errors in the following field(s):\" class=\"avia_ajax_form av-form-labels-hidden   avia-builder-el-4  el_after_av_heading  avia-builder-el-last   \" data-avia-form-id=\"1\" data-avia-redirect=''  aria-label='Kontakt formular' ><fieldset><p class='  first_form  form_element form_fullwidth' id='element_avia_1_1'><label for=\"avia_1_1\">Navn <abbr class=\"required\" title=\"required\">*<\/abbr><\/label> <input name=\"avia_1_1\" class=\"text_input is_empty\" type=\"text\" id=\"avia_1_1\" value=\"\"  placeholder='Navn*'\/><\/p><p class='  first_form  form_element form_fullwidth' id='element_avia_2_1'><label for=\"avia_2_1\">E-Mail <abbr class=\"required\" title=\"required\">*<\/abbr><\/label> <input name=\"avia_2_1\" class=\"text_input is_email\" type=\"text\" id=\"avia_2_1\" value=\"\"  placeholder='E-Mail*'\/><\/p><p class='  first_form  form_element form_fullwidth av-last-visible-form-element' id='element_avia_3_1'><label for=\"avia_3_1\">Telefon <abbr class=\"required\" title=\"required\">*<\/abbr><\/label> <input name=\"avia_3_1\" class=\"text_input is_empty\" type=\"text\" id=\"avia_3_1\" value=\"\"  placeholder='Telefon*'\/><\/p><p class=\"hidden\"><input type=\"text\" name=\"avia_4_1\" class=\"hidden \" id=\"avia_4_1\" value=\"\" \/><\/p><p class=\"form_element \"><input type=\"hidden\" value=\"1\" name=\"avia_generated_form1\" \/><input type=\"submit\" value=\"Send\" class=\"button\"  data-sending-label=\"Sending\"\/><\/p><\/fieldset><\/form><div id=\"ajaxresponse_1\" class=\"ajaxresponse ajaxresponse_1 hidden\"><\/div><\/p><\/div>\n\n<\/div><\/div><\/main><!-- close content main element --><\/div><\/div><div id='av_section_2'  class='avia-section av-av_section-b198f3318112af5b79b423f03b3c6b76 main_color avia-section-default avia-no-border-styling  avia-builder-el-5  el_after_av_section  el_before_av_section  avia-bg-style-scroll container_wrap fullsize'  ><div class='container av-section-cont-open' ><div class='template-page content  av-content-full alpha units'><div class='post-entry post-entry-type-page post-entry-59'><div class='entry-content-wrapper clearfix'>\n<section  class='av_textblock_section av-mkczzab3-fe5eb8e5841fa517f8a2cc26df6ca484 '   itemscope=\"itemscope\" itemtype=\"https:\/\/schema.org\/CreativeWork\" ><div class='avia_textblock'  itemprop=\"text\" ><p>Jeg, Camilla, inviterer dig indenfor i min fodklinik beliggende i lyse og indbydende lokaler p\u00e5 1. sal i Strandcentrets Plejecenter p\u00e5 Frydenh\u00f8j Alle 100. Klinikken er let tilg\u00e6ngelig, placeret ved siden af Hundige Station, hvilket g\u00f8r det nemt at komme hertil med tog og bus, eller blot en kort k\u00f8retur fra motorvejen. For din bekvemmelighed tilbydes der adgang via elevator samt trapper og fra parkeringspladserne ved hovedin dgangen eller fra siden n\u00e6rmest Waves eller stationen.<\/p>\n<h3>Betalingsmuligheder og ventetider<\/h3>\n<p>I min klinik kan der betales med kontanter. Ventetiden er kort, og du kan oftest f\u00e5 en tid inden for en uge. \u00d8nsker du at bestille tid, kan dette g\u00f8res nemt online.<\/p>\n<p>Har du ikke selv mulighed for at bes\u00f8ge klinikken, kan jeg komme til dig. Hjemmebes\u00f8g tilbydes prim\u00e6rt i omr\u00e5det omkring Greve og Karlslunde. For at h\u00f8re mere om hjemmebes\u00f8g, kan du\u00a0<a href=\"https:\/\/strandensfodterapi.dk\/kontakt\/\">kontakte mig<\/a>\u00a0direkte p\u00e5 tlf.\u00a0<a href=\"tel:28109695\">(+45) 28 10 96 95<\/a>.<\/p>\n<h4>\u00c5bningstider<\/h4>\n<p><span data-teams=\"true\"><strong>Mandag \u2013 torsdag:<\/strong>\u00a08:15 \u2013 14:00 og ellers efter aftale.<\/span><\/p>\n<\/div><\/section>\n<\/div><\/div><\/div><!-- close content main div --><\/div><\/div><div id='av_section_3'  class='avia-section av-av_section-b198f3318112af5b79b423f03b3c6b76 main_color avia-section-default avia-no-border-styling  avia-builder-el-7  el_after_av_section  avia-builder-el-last  avia-bg-style-scroll container_wrap fullsize'  ><div class='container av-section-cont-open' ><div class='template-page content  av-content-full alpha units'><div class='post-entry post-entry-type-page post-entry-59'><div class='entry-content-wrapper clearfix'>\n<div class='flex_column_table av-av_one_half-ed454429f9ea78f4d7a5d62c7fb04f36 sc-av_one_half av-equal-height-column-flextable shadow-not-animated'>\n<style type=\"text\/css\" data-created_by=\"avia_inline_auto\" id=\"style-css-av-av_one_half-ed454429f9ea78f4d7a5d62c7fb04f36\">\n@keyframes av_boxShadowEffect_av-av_one_half-ed454429f9ea78f4d7a5d62c7fb04f36-row {\n0%   { box-shadow:  0 0 0 0 #000000; opacity: 1; }\n100% { box-shadow:  0 0 10px 0 #000000; opacity: 1; }\n}\n.flex_column_table.av-equal-height-column-flextable.av-av_one_half-ed454429f9ea78f4d7a5d62c7fb04f36{\nbox-shadow: 0 0 10px 0 #000000;\n}\n.flex_column.av-av_one_half-ed454429f9ea78f4d7a5d62c7fb04f36{\npadding:20px 20px 20px 20px;\nbackground-color:#5f8789;\n}\n<\/style>\n<div  class='flex_column av-av_one_half-ed454429f9ea78f4d7a5d62c7fb04f36 av_one_half  avia-builder-el-8  el_before_av_one_half  avia-builder-el-first  first no_margin flex_column_table_cell av-equal-height-column av-align-top  '     ><section  class='av_textblock_section av-av_textblock-df8edcb1ed83291c596e5f83e8e69036 '   itemscope=\"itemscope\" itemtype=\"https:\/\/schema.org\/CreativeWork\" ><div class='avia_textblock'  itemprop=\"text\" ><h3>Behandlinger og hjemmebes\u00f8g<\/h3>\n<p>Dine f\u00f8dder skal b\u00e6re dig gennem hele livet, og derfor er det vigtigt at passe godt p\u00e5 dem. Jeg tilbyder forskellige fodbehandlinger, der sikrer dine f\u00f8dders velv\u00e6re. V\u00e6lg mellem alt fra almindelig fodbehandling til specialiserede b\u00f8jlebehandlinger og indl\u00e6g, der tilpasses individuelt. Har du ikke mulighed for at bes\u00f8ge min klinik, tilbyder jeg ogs\u00e5 fodterapi som hjemmebes\u00f8g, hvor jeg kommer hjem til dig og yder samme h\u00f8je standard af behandling. Jeg k\u00f8re ud i greve\/hundige omr\u00e5det.<\/p>\n<h3>Tilskud og helbredstill\u00e6g<\/h3>\n<p>Som medlem af sygeforsikringen \u201cDanmark\u201d kan du have ret til tilskud til almindelig fodbehandling. Er du pensionist, kan du desuden ans\u00f8ge om udvidet helbredstill\u00e6g hos kommunen, hvilket potentielt kan d\u00e6kke op til 85% af udgifterne til fodbehandlinger. Hvis du har sp\u00f8rgsm\u00e5l eller er usikker p\u00e5, hvordan du s\u00f8ger, er jeg altid klar til at hj\u00e6lpe dig med at udfylde de n\u00f8dvendige skemaer.<\/p>\n<\/div><\/section><\/div>\n<style type=\"text\/css\" data-created_by=\"avia_inline_auto\" id=\"style-css-av-av_one_half-254bff604b18d20ab1a8acee52e519fc\">\n.flex_column.av-av_one_half-254bff604b18d20ab1a8acee52e519fc{\nbackground-color:#5f8789;\n}\n<\/style>\n<div  class='flex_column av-av_one_half-254bff604b18d20ab1a8acee52e519fc av_one_half  avia-builder-el-10  el_after_av_one_half  avia-builder-el-last  no_margin flex_column_table_cell av-equal-height-column av-align-top  '     ><style type=\"text\/css\" data-created_by=\"avia_inline_auto\" id=\"style-css-av-mkczvzxk-2240d4d89509c5412d8014f69d9b8b4f\">\n.avia-image-container.av-mkczvzxk-2240d4d89509c5412d8014f69d9b8b4f img.avia_image{\nbox-shadow:none;\n}\n.avia-image-container.av-mkczvzxk-2240d4d89509c5412d8014f69d9b8b4f .av-image-caption-overlay-center{\ncolor:#ffffff;\n}\n<\/style>\n<div  class='avia-image-container av-mkczvzxk-2240d4d89509c5412d8014f69d9b8b4f av-styling- avia-align-center  avia-builder-el-11  avia-builder-el-no-sibling '   itemprop=\"image\" itemscope=\"itemscope\" itemtype=\"https:\/\/schema.org\/ImageObject\" ><div class=\"avia-image-container-inner\"><div class=\"avia-image-overlay-wrap\"><img decoding=\"async\" fetchpriority=\"high\" class='wp-image-55 avia-img-lazy-loading-not-55 avia_image ' src=\"https:\/\/foddamen.webworker.online\/wp-content\/uploads\/2026\/01\/foddamen-hjemmebhandling-1030x687.png\" alt='' title='foddamen-hjemmebhandling'  height=\"687\" width=\"1030\"  itemprop=\"thumbnailUrl\" srcset=\"https:\/\/foddamen.webworker.online\/wp-content\/uploads\/2026\/01\/foddamen-hjemmebhandling-1030x687.png 1030w, https:\/\/foddamen.webworker.online\/wp-content\/uploads\/2026\/01\/foddamen-hjemmebhandling-300x200.png 300w, https:\/\/foddamen.webworker.online\/wp-content\/uploads\/2026\/01\/foddamen-hjemmebhandling-768x512.png 768w, https:\/\/foddamen.webworker.online\/wp-content\/uploads\/2026\/01\/foddamen-hjemmebhandling-1500x1000.png 1500w, https:\/\/foddamen.webworker.online\/wp-content\/uploads\/2026\/01\/foddamen-hjemmebhandling-705x470.png 705w, https:\/\/foddamen.webworker.online\/wp-content\/uploads\/2026\/01\/foddamen-hjemmebhandling.png 1536w\" sizes=\"(max-width: 1030px) 100vw, 1030px\" \/><\/div><\/div><\/div><\/div><\/div><!--close column table wrapper. Autoclose: 1 --><\/p>\n","protected":false},"excerpt":{"rendered":"","protected":false},"author":1,"featured_media":0,"parent":0,"menu_order":0,"comment_status":"closed","ping_status":"closed","template":"","meta":{"footnotes":""},"class_list":["post-59","page","type-page","status-publish","hentry"],"_links":{"self":[{"href":"https:\/\/foddamen.webworker.online\/index.php\/wp-json\/wp\/v2\/pages\/59","targetHints":{"allow":["GET"]}}],"collection":[{"href":"https:\/\/foddamen.webworker.online\/index.php\/wp-json\/wp\/v2\/pages"}],"about":[{"href":"https:\/\/foddamen.webworker.online\/index.php\/wp-json\/wp\/v2\/types\/page"}],"author":[{"embeddable":true,"href":"https:\/\/foddamen.webworker.online\/index.php\/wp-json\/wp\/v2\/users\/1"}],"replies":[{"embeddable":true,"href":"https:\/\/foddamen.webworker.online\/index.php\/wp-json\/wp\/v2\/comments?post=59"}],"version-history":[{"count":5,"href":"https:\/\/foddamen.webworker.online\/index.php\/wp-json\/wp\/v2\/pages\/59\/revisions"}],"predecessor-version":[{"id":73,"href":"https:\/\/foddamen.webworker.online\/index.php\/wp-json\/wp\/v2\/pages\/59\/revisions\/73"}],"wp:attachment":[{"href":"https:\/\/foddamen.webworker.online\/index.php\/wp-json\/wp\/v2\/media?parent=59"}],"curies":[{"name":"wp","href":"https:\/\/api.w.org\/{rel}","templated":true}]}}