{"id":16,"date":"2026-01-13T18:15:43","date_gmt":"2026-01-13T18:15:43","guid":{"rendered":"https:\/\/foddamen.webworker.online\/?page_id=16"},"modified":"2026-01-14T13:50:08","modified_gmt":"2026-01-14T13:50:08","slug":"forside","status":"publish","type":"page","link":"https:\/\/foddamen.webworker.online\/","title":{"rendered":"Forside"},"content":{"rendered":"\n<style type=\"text\/css\" data-created_by=\"avia_inline_auto\" id=\"style-css-av-mkcxlwfv-113259b566e97deb97c4f7531e7ca18a\">\n.avia-section.av-mkcxlwfv-113259b566e97deb97c4f7531e7ca18a{\nbackground-repeat:no-repeat;\nbackground-image:url(https:\/\/foddamen.webworker.online\/wp-content\/uploads\/2026\/01\/foddamen-hero.png);\nbackground-position:0% 0%;\nbackground-attachment:scroll;\n}\n.avia-section.av-mkcxlwfv-113259b566e97deb97c4f7531e7ca18a .av-section-color-overlay{\nopacity:0.5;\nbackground-color:#6786a1;\n}\n<\/style>\n<div id='av_section_1'  class='avia-section av-mkcxlwfv-113259b566e97deb97c4f7531e7ca18a main_color avia-section-default avia-no-border-styling  avia-builder-el-0  el_before_av_section  avia-builder-el-first  avia-full-stretch avia-bg-style-scroll av-section-color-overlay-active container_wrap fullsize'  data-section-bg-repeat='stretch'><div class=\"av-section-color-overlay-wrap\"><div class=\"av-section-color-overlay\"><\/div><div class='container av-section-cont-open' ><main  role=\"main\" itemprop=\"mainContentOfPage\"  class='template-page content  av-content-full alpha units'><div class='post-entry post-entry-type-page post-entry-16'><div class='entry-content-wrapper clearfix'>\n<div  class='flex_column av-8isuc-1b962130ac127d79ffdd6b04fde4e1fc av_two_third  avia-builder-el-1  el_before_av_one_third  avia-builder-el-first  first flex_column_div  '     ><style type=\"text\/css\" data-created_by=\"avia_inline_auto\" id=\"style-css-av-mkcy0kvn-23819b1143eda8c1c7e3804eac8b0bc7\">\n#top .av_textblock_section.av-mkcy0kvn-23819b1143eda8c1c7e3804eac8b0bc7 .avia_textblock{\nfont-size:16px;\ncolor:#ffffff;\n}\n<\/style>\n<section  class='av_textblock_section av-mkcy0kvn-23819b1143eda8c1c7e3804eac8b0bc7 '   itemscope=\"itemscope\" itemtype=\"https:\/\/schema.org\/CreativeWork\" ><div class='avia_textblock av_inherit_color'  itemprop=\"text\" ><div class=\"elementor-element elementor-element-69d19cb4 animated-slow elementor-widget elementor-widget-text-editor\" data-id=\"69d19cb4\" data-element_type=\"widget\" data-settings=\"{\" data-widget_type=\"text-editor.default\">\n<div class=\"elementor-widget-container\">\n<h1><span style=\"font-size: 28px;\">Velkommen til Foddamens Fodterapi<\/span><\/h1>\n<\/div>\n<\/div>\n<div class=\"elementor-element elementor-element-ecf34d2 animated-slow elementor-widget elementor-widget-text-editor animated fadeIn\" data-id=\"ecf34d2\" data-element_type=\"widget\" data-settings=\"{\" data-widget_type=\"text-editor.default\">\n<div class=\"elementor-widget-container\">\n<p>Lorem ipsum dolor sit amet, consectetur adipiscing elit. Sed ut perspiciatis unde omnis iste natus error sit voluptatem accusantium doloremque laudantium, totam rem aperiam. Eaque ipsa quae ab illo inventore veritatis et quasi architecto beatae vitae dicta sunt explicabo.Lorem ipsum dolor sit amet, consectetur adipiscing elit. Sed ut perspiciatis unde omnis iste natus error sit voluptatem accusantium doloremque laudantium, totam rem aperiam. Eaque ipsa quae ab illo inventore veritatis et quasi architecto beatae vitae dicta sunt explicabo.<\/p>\n<\/div>\n<\/div>\n<\/div><\/section><\/div>\n<style type=\"text\/css\" data-created_by=\"avia_inline_auto\" id=\"style-css-av-mkcxwtvp-fef72dcc98c44baca4040d02fb59e0fa\">\n.flex_column.av-mkcxwtvp-fef72dcc98c44baca4040d02fb59e0fa{\npadding:15px 15px 15px 15px;\nbackground-color:#eeeeee;\n}\n<\/style>\n<div  class='flex_column av-mkcxwtvp-fef72dcc98c44baca4040d02fb59e0fa av_one_third  avia-builder-el-3  el_after_av_two_third  avia-builder-el-last  flex_column_div  '     ><p>\n<style type=\"text\/css\" data-created_by=\"avia_inline_auto\" id=\"style-css-av-mkcxu9eb-b79ac5968a028a117889e632abfa120a\">\n#top .av-special-heading.av-mkcxu9eb-b79ac5968a028a117889e632abfa120a{\npadding-bottom:10px;\n}\nbody .av-special-heading.av-mkcxu9eb-b79ac5968a028a117889e632abfa120a .av-special-heading-tag .heading-char{\nfont-size:25px;\n}\n.av-special-heading.av-mkcxu9eb-b79ac5968a028a117889e632abfa120a .av-subheading{\nfont-size:15px;\n}\n<\/style>\n<div  class='av-special-heading av-mkcxu9eb-b79ac5968a028a117889e632abfa120a av-special-heading-h2 blockquote modern-quote  avia-builder-el-4  el_before_av_contact  avia-builder-el-first '><h2 class='av-special-heading-tag '  itemprop=\"headline\"  >Vil du vide mere?<\/h2><div class=\"special-heading-border\"><div class=\"special-heading-inner-border\"><\/div><\/div><\/div><br \/>\n<form action=\"https:\/\/foddamen.webworker.online\/\" method=\"post\" data-fields-with-error=\"Found errors in the following field(s):\" class=\"avia_ajax_form av-form-labels-hidden   avia-builder-el-5  el_after_av_heading  avia-builder-el-last   \" data-avia-form-id=\"1\" data-avia-redirect=''  aria-label='Kontakt formular' ><fieldset><p class='  first_form  form_element form_fullwidth' id='element_avia_1_1'><label for=\"avia_1_1\">Navn <abbr class=\"required\" title=\"required\">*<\/abbr><\/label> <input name=\"avia_1_1\" class=\"text_input is_empty\" type=\"text\" id=\"avia_1_1\" value=\"\"  placeholder='Navn*'\/><\/p><p class='  first_form  form_element form_fullwidth' id='element_avia_2_1'><label for=\"avia_2_1\">E-Mail <abbr class=\"required\" title=\"required\">*<\/abbr><\/label> <input name=\"avia_2_1\" class=\"text_input is_email\" type=\"text\" id=\"avia_2_1\" value=\"\"  placeholder='E-Mail*'\/><\/p><p class='  first_form  form_element form_fullwidth av-last-visible-form-element' id='element_avia_3_1'><label for=\"avia_3_1\">Telefon <abbr class=\"required\" title=\"required\">*<\/abbr><\/label> <input name=\"avia_3_1\" class=\"text_input is_empty\" type=\"text\" id=\"avia_3_1\" value=\"\"  placeholder='Telefon*'\/><\/p><p class=\"hidden\"><input type=\"text\" name=\"avia_4_1\" class=\"hidden \" id=\"avia_4_1\" value=\"\" \/><\/p><p class=\"form_element \"><input type=\"hidden\" value=\"1\" name=\"avia_generated_form1\" \/><input type=\"submit\" value=\"Send\" class=\"button\"  data-sending-label=\"Sending\"\/><\/p><\/fieldset><\/form><div id=\"ajaxresponse_1\" class=\"ajaxresponse ajaxresponse_1 hidden\"><\/div><\/p><\/div><\/div><\/div><\/main><!-- close content main element --><\/div><\/div><\/div><div id='av_section_2'  class='avia-section av-52g80-d77b40cfbeec080d5a8d1531544091b7 main_color avia-section-default avia-no-border-styling  avia-builder-el-6  el_after_av_section  el_before_av_section  avia-bg-style-scroll container_wrap fullsize'  ><div class='container av-section-cont-open' ><div class='template-page content  av-content-full alpha units'><div class='post-entry post-entry-type-page post-entry-16'><div class='entry-content-wrapper clearfix'>\n<div  class='flex_column av-4pd04-acbfe7daddfd50b1d64f7a46a25aede2 av_one_third  avia-builder-el-7  el_before_av_one_third  avia-builder-el-first  first flex_column_div  '     ><p>\n<style type=\"text\/css\" data-created_by=\"avia_inline_auto\" id=\"style-css-av-3sf78-9a4b0c6caf67280df481f0f88c296369\">\n.avia-image-container.av-3sf78-9a4b0c6caf67280df481f0f88c296369 img.avia_image{\nbox-shadow:none;\n}\n.avia-image-container.av-3sf78-9a4b0c6caf67280df481f0f88c296369 .av-image-caption-overlay-center{\ncolor:#ffffff;\n}\n<\/style>\n<div  class='avia-image-container av-3sf78-9a4b0c6caf67280df481f0f88c296369 av-styling- avia-align-center  avia-builder-el-8  el_before_av_textblock  avia-builder-el-first '   itemprop=\"image\" itemscope=\"itemscope\" itemtype=\"https:\/\/schema.org\/ImageObject\" ><div class=\"avia-image-container-inner\"><div class=\"avia-image-overlay-wrap\"><img decoding=\"async\" fetchpriority=\"high\" class='wp-image-25 avia-img-lazy-loading-not-25 avia_image ' src=\"https:\/\/foddamen.webworker.online\/wp-content\/uploads\/2026\/01\/foddamen-behandling-300x200.png\" alt='' title='foddamen-behandling'  height=\"200\" width=\"300\"  itemprop=\"thumbnailUrl\" srcset=\"https:\/\/foddamen.webworker.online\/wp-content\/uploads\/2026\/01\/foddamen-behandling-300x200.png 300w, https:\/\/foddamen.webworker.online\/wp-content\/uploads\/2026\/01\/foddamen-behandling-1030x687.png 1030w, https:\/\/foddamen.webworker.online\/wp-content\/uploads\/2026\/01\/foddamen-behandling-768x512.png 768w, https:\/\/foddamen.webworker.online\/wp-content\/uploads\/2026\/01\/foddamen-behandling-1500x1000.png 1500w, https:\/\/foddamen.webworker.online\/wp-content\/uploads\/2026\/01\/foddamen-behandling-705x470.png 705w, https:\/\/foddamen.webworker.online\/wp-content\/uploads\/2026\/01\/foddamen-behandling.png 1536w\" sizes=\"(max-width: 300px) 100vw, 300px\" \/><\/div><\/div><\/div><br \/>\n<section  class='av_textblock_section av-mkcy420p-821ebe8b0c65c73c4d64cf8cac3cc7ac '   itemscope=\"itemscope\" itemtype=\"https:\/\/schema.org\/CreativeWork\" ><div class='avia_textblock'  itemprop=\"text\" ><h3 style=\"text-align: center;\">Behandlinger<\/h3>\n<\/div><\/section><\/p><\/div><div  class='flex_column av-3flxo-f29263ba3d064e092a7527c9feb2782e av_one_third  avia-builder-el-10  el_after_av_one_third  el_before_av_one_third  flex_column_div  '     ><p>\n<style type=\"text\/css\" data-created_by=\"avia_inline_auto\" id=\"style-css-av-2wt8k-e75b5ab5e7df9309949e60d741601846\">\n.avia-image-container.av-2wt8k-e75b5ab5e7df9309949e60d741601846 img.avia_image{\nbox-shadow:none;\n}\n.avia-image-container.av-2wt8k-e75b5ab5e7df9309949e60d741601846 .av-image-caption-overlay-center{\ncolor:#ffffff;\n}\n<\/style>\n<div  class='avia-image-container av-2wt8k-e75b5ab5e7df9309949e60d741601846 av-styling- avia-align-center  avia-builder-el-11  el_before_av_textblock  avia-builder-el-first '   itemprop=\"image\" itemscope=\"itemscope\" itemtype=\"https:\/\/schema.org\/ImageObject\" ><div class=\"avia-image-container-inner\"><div class=\"avia-image-overlay-wrap\"><img decoding=\"async\" fetchpriority=\"high\" class='wp-image-47 avia-img-lazy-loading-not-47 avia_image ' src=\"https:\/\/foddamen.webworker.online\/wp-content\/uploads\/2026\/01\/foddamen-klinik-300x200.png\" alt='' title='foddamen-klinik'  height=\"200\" width=\"300\"  itemprop=\"thumbnailUrl\" srcset=\"https:\/\/foddamen.webworker.online\/wp-content\/uploads\/2026\/01\/foddamen-klinik-300x200.png 300w, https:\/\/foddamen.webworker.online\/wp-content\/uploads\/2026\/01\/foddamen-klinik-1030x687.png 1030w, https:\/\/foddamen.webworker.online\/wp-content\/uploads\/2026\/01\/foddamen-klinik-768x512.png 768w, https:\/\/foddamen.webworker.online\/wp-content\/uploads\/2026\/01\/foddamen-klinik-1500x1000.png 1500w, https:\/\/foddamen.webworker.online\/wp-content\/uploads\/2026\/01\/foddamen-klinik-705x470.png 705w, https:\/\/foddamen.webworker.online\/wp-content\/uploads\/2026\/01\/foddamen-klinik.png 1536w\" sizes=\"(max-width: 300px) 100vw, 300px\" \/><\/div><\/div><\/div><br \/>\n<section  class='av_textblock_section av-mkcy4fp4-9d737c6f4e99c3b8f005cda99225ee19 '   itemscope=\"itemscope\" itemtype=\"https:\/\/schema.org\/CreativeWork\" ><div class='avia_textblock'  itemprop=\"text\" ><h3 style=\"text-align: center;\">Klinikken<\/h3>\n<\/div><\/section><\/p><\/div><div  class='flex_column av-70mw-00378207bd788398b464d46085dca868 av_one_third  avia-builder-el-13  el_after_av_one_third  avia-builder-el-last  flex_column_div  '     ><p>\n<style type=\"text\/css\" data-created_by=\"avia_inline_auto\" id=\"style-css-av-1q2ck-8dd93e46c7cce7156b0de00dbae749e9\">\n.avia-image-container.av-1q2ck-8dd93e46c7cce7156b0de00dbae749e9 img.avia_image{\nbox-shadow:none;\n}\n.avia-image-container.av-1q2ck-8dd93e46c7cce7156b0de00dbae749e9 .av-image-caption-overlay-center{\ncolor:#ffffff;\n}\n<\/style>\n<div  class='avia-image-container av-1q2ck-8dd93e46c7cce7156b0de00dbae749e9 av-styling- avia-align-center  avia-builder-el-14  el_before_av_textblock  avia-builder-el-first '   itemprop=\"image\" itemscope=\"itemscope\" itemtype=\"https:\/\/schema.org\/ImageObject\" ><div class=\"avia-image-container-inner\"><div class=\"avia-image-overlay-wrap\"><img decoding=\"async\" fetchpriority=\"high\" class='wp-image-57 avia-img-lazy-loading-not-57 avia_image ' src=\"https:\/\/foddamen.webworker.online\/wp-content\/uploads\/2026\/01\/foddamen-priser-300x200.png\" alt='' title='foddamen-priser'  height=\"200\" width=\"300\"  itemprop=\"thumbnailUrl\" srcset=\"https:\/\/foddamen.webworker.online\/wp-content\/uploads\/2026\/01\/foddamen-priser-300x200.png 300w, https:\/\/foddamen.webworker.online\/wp-content\/uploads\/2026\/01\/foddamen-priser-1030x687.png 1030w, https:\/\/foddamen.webworker.online\/wp-content\/uploads\/2026\/01\/foddamen-priser-768x512.png 768w, https:\/\/foddamen.webworker.online\/wp-content\/uploads\/2026\/01\/foddamen-priser-1500x1000.png 1500w, https:\/\/foddamen.webworker.online\/wp-content\/uploads\/2026\/01\/foddamen-priser-705x470.png 705w, https:\/\/foddamen.webworker.online\/wp-content\/uploads\/2026\/01\/foddamen-priser.png 1536w\" sizes=\"(max-width: 300px) 100vw, 300px\" \/><\/div><\/div><\/div><br \/>\n<section  class='av_textblock_section av-mkcy4ufv-ffa87745bd1f96bc7ff3d33e169ee5c8 '   itemscope=\"itemscope\" itemtype=\"https:\/\/schema.org\/CreativeWork\" ><div class='avia_textblock'  itemprop=\"text\" ><h3 style=\"text-align: center;\">Priser<\/h3>\n<\/div><\/section><\/p><\/div>\n<\/p>\n<\/div><\/div><\/div><!-- close content main div --><\/div><\/div><div id='av_section_3'  class='avia-section av-qr1w-e0ce1c6208cad9df3bcb51db7ccd1ece main_color avia-section-default avia-no-border-styling  avia-builder-el-16  el_after_av_section  avia-builder-el-last  avia-bg-style-scroll container_wrap fullsize'  ><div class='container av-section-cont-open' ><div class='template-page content  av-content-full alpha units'><div class='post-entry post-entry-type-page post-entry-16'><div class='entry-content-wrapper clearfix'>\n<div class='flex_column_table av-mkcybt71-53fa50f9e8b6a0d05adf7ee64af36a49 sc-av_one_half av-equal-height-column-flextable'>\n<style type=\"text\/css\" data-created_by=\"avia_inline_auto\" id=\"style-css-av-mkcybt71-53fa50f9e8b6a0d05adf7ee64af36a49\">\n.flex_column.av-mkcybt71-53fa50f9e8b6a0d05adf7ee64af36a49{\npadding:20px 20px 20px 20px;\nbackground-color:#6786a1;\n}\n<\/style>\n<div  class='flex_column av-mkcybt71-53fa50f9e8b6a0d05adf7ee64af36a49 av_one_half  avia-builder-el-17  el_before_av_one_half  avia-builder-el-first  first no_margin flex_column_table_cell av-equal-height-column av-align-top  '     ><style type=\"text\/css\" data-created_by=\"avia_inline_auto\" id=\"style-css-av-mkcy7o71-b59705fd0c8c9ec0f517b49ca8bc84b5\">\n#top .av_textblock_section.av-mkcy7o71-b59705fd0c8c9ec0f517b49ca8bc84b5 .avia_textblock{\nfont-size:14px;\ncolor:#ffffff;\n}\n<\/style>\n<section  class='av_textblock_section av-mkcy7o71-b59705fd0c8c9ec0f517b49ca8bc84b5 '   itemscope=\"itemscope\" itemtype=\"https:\/\/schema.org\/CreativeWork\" ><div class='avia_textblock av_inherit_color'  itemprop=\"text\" ><h3>Behandlinger og hjemmebes\u00f8g<\/h3>\n<p>Dine f\u00f8dder skal b\u00e6re dig gennem hele livet, og derfor er det vigtigt at passe godt p\u00e5 dem. Jeg tilbyder forskellige fodbehandlinger, der sikrer dine f\u00f8dders velv\u00e6re. V\u00e6lg mellem alt fra almindelig fodbehandling til specialiserede b\u00f8jlebehandlinger og indl\u00e6g, der tilpasses individuelt. Har du ikke mulighed for at bes\u00f8ge min klinik, tilbyder jeg ogs\u00e5 fodterapi som hjemmebes\u00f8g, hvor jeg kommer hjem til dig og yder samme h\u00f8je standard af behandling. Jeg k\u00f8re ud i greve\/hundige omr\u00e5det.<\/p>\n<h3>Tilskud og helbredstill\u00e6g<\/h3>\n<p>Som medlem af sygeforsikringen \u201cDanmark\u201d kan du have ret til tilskud til almindelig fodbehandling. Er du pensionist, kan du desuden ans\u00f8ge om udvidet helbredstill\u00e6g hos kommunen, hvilket potentielt kan d\u00e6kke op til 85% af udgifterne til fodbehandlinger. Hvis du har sp\u00f8rgsm\u00e5l eller er usikker p\u00e5, hvordan du s\u00f8ger, er jeg altid klar til at hj\u00e6lpe dig med at udfylde de n\u00f8dvendige skemaer.<\/p>\n<\/div><\/section><\/div>\n<style type=\"text\/css\" data-created_by=\"avia_inline_auto\" id=\"style-css-av-mkcycs26-c919d443b28cf39a2a47805c1b3b0398\">\n.flex_column.av-mkcycs26-c919d443b28cf39a2a47805c1b3b0398{\nbackground-color:#5f8789;\n}\n<\/style>\n<div  class='flex_column av-mkcycs26-c919d443b28cf39a2a47805c1b3b0398 av_one_half  avia-builder-el-19  el_after_av_one_half  avia-builder-el-last  no_margin flex_column_table_cell av-equal-height-column av-align-top  '     ><style type=\"text\/css\" data-created_by=\"avia_inline_auto\" id=\"style-css-av-mkcyi1p0-ba0ff8dea6cc7d61268cf319b99b4893\">\n.avia-image-container.av-mkcyi1p0-ba0ff8dea6cc7d61268cf319b99b4893 img.avia_image{\nbox-shadow:none;\n}\n.avia-image-container.av-mkcyi1p0-ba0ff8dea6cc7d61268cf319b99b4893 .av-image-caption-overlay-center{\ncolor:#ffffff;\n}\n<\/style>\n<div  class='avia-image-container av-mkcyi1p0-ba0ff8dea6cc7d61268cf319b99b4893 av-styling- avia-align-center  avia-builder-el-20  avia-builder-el-no-sibling '   itemprop=\"image\" itemscope=\"itemscope\" itemtype=\"https:\/\/schema.org\/ImageObject\" ><div class=\"avia-image-container-inner\"><div class=\"avia-image-overlay-wrap\"><img decoding=\"async\" fetchpriority=\"high\" class='wp-image-47 avia-img-lazy-loading-not-47 avia_image ' src=\"https:\/\/foddamen.webworker.online\/wp-content\/uploads\/2026\/01\/foddamen-klinik-1030x687.png\" alt='' title='foddamen-klinik'  height=\"687\" width=\"1030\"  itemprop=\"thumbnailUrl\" srcset=\"https:\/\/foddamen.webworker.online\/wp-content\/uploads\/2026\/01\/foddamen-klinik-1030x687.png 1030w, https:\/\/foddamen.webworker.online\/wp-content\/uploads\/2026\/01\/foddamen-klinik-300x200.png 300w, https:\/\/foddamen.webworker.online\/wp-content\/uploads\/2026\/01\/foddamen-klinik-768x512.png 768w, https:\/\/foddamen.webworker.online\/wp-content\/uploads\/2026\/01\/foddamen-klinik-1500x1000.png 1500w, https:\/\/foddamen.webworker.online\/wp-content\/uploads\/2026\/01\/foddamen-klinik-705x470.png 705w, https:\/\/foddamen.webworker.online\/wp-content\/uploads\/2026\/01\/foddamen-klinik.png 1536w\" sizes=\"(max-width: 1030px) 100vw, 1030px\" \/><\/div><\/div><\/div><\/div><\/div><!--close column table wrapper. Autoclose: 1 -->\n\n","protected":false},"excerpt":{"rendered":"","protected":false},"author":1,"featured_media":0,"parent":0,"menu_order":0,"comment_status":"closed","ping_status":"closed","template":"","meta":{"footnotes":""},"class_list":["post-16","page","type-page","status-publish","hentry"],"_links":{"self":[{"href":"https:\/\/foddamen.webworker.online\/index.php\/wp-json\/wp\/v2\/pages\/16","targetHints":{"allow":["GET"]}}],"collection":[{"href":"https:\/\/foddamen.webworker.online\/index.php\/wp-json\/wp\/v2\/pages"}],"about":[{"href":"https:\/\/foddamen.webworker.online\/index.php\/wp-json\/wp\/v2\/types\/page"}],"author":[{"embeddable":true,"href":"https:\/\/foddamen.webworker.online\/index.php\/wp-json\/wp\/v2\/users\/1"}],"replies":[{"embeddable":true,"href":"https:\/\/foddamen.webworker.online\/index.php\/wp-json\/wp\/v2\/comments?post=16"}],"version-history":[{"count":21,"href":"https:\/\/foddamen.webworker.online\/index.php\/wp-json\/wp\/v2\/pages\/16\/revisions"}],"predecessor-version":[{"id":83,"href":"https:\/\/foddamen.webworker.online\/index.php\/wp-json\/wp\/v2\/pages\/16\/revisions\/83"}],"wp:attachment":[{"href":"https:\/\/foddamen.webworker.online\/index.php\/wp-json\/wp\/v2\/media?parent=16"}],"curies":[{"name":"wp","href":"https:\/\/api.w.org\/{rel}","templated":true}]}}